{"id":1872,"date":"2018-03-05T15:08:26","date_gmt":"2018-03-05T15:08:26","guid":{"rendered":"https:\/\/ska-logistik.es\/?page_id=1872"},"modified":"2023-03-22T19:37:37","modified_gmt":"2023-03-22T18:37:37","slug":"quienes-somos-2","status":"publish","type":"page","link":"https:\/\/ska-logistik.es\/de\/uber-uns\/","title":{"rendered":"\u00dcber uns"},"content":{"rendered":"<div class=\"wpb-content-wrapper\"><p>[vc_row css=&#8221;.vc_custom_1513244376011{background-image: url(https:\/\/ska-logistik.es\/wp-content\/uploads\/2016\/01\/bg-cabecera.jpg?id=1648) !important;}&#8221;][vc_column width=&#8221;3\/4&#8243;][vc_empty_space height=&#8221;45px&#8221;][vc_column_text]<\/p>\n<h2><span style=\"color: #ffffff;\">\u00dcBER UNS<\/span><\/h2>\n<p>[\/vc_column_text][vc_empty_space height=&#8221;59px&#8221;][\/vc_column][vc_column width=&#8221;1\/4&#8243;][vc_empty_space height=&#8221;35px&#8221;][vc_empty_space height=&#8221;35px&#8221;][vc_button color=&#8221;up_btn-s&#8221; bt_customcolor=&#8221;#ffffff&#8221; bg_customcolor=&#8221;#007836&#8243; align=&#8221;center&#8221; title=&#8221;KONTAKT&#8221; href=&#8221;https:\/\/ska-logistik.es\/de\/kontakt\/&#8221; el_class=&#8221;letra-negrita&#8221; icon=&#8221;fa-envelope&#8221;][vc_empty_space height=&#8221;10px&#8221;][\/vc_column][\/vc_row][vc_row anchor_row=&#8221;nuestra-historia&#8221;][vc_column][vc_empty_space][vc_custom_heading text=&#8221;UNSERE GESCHICHTE&#8221; use_theme_fonts=&#8221;yes&#8221;][vc_empty_space height=&#8221;22px&#8221;][\/vc_column][\/vc_row][vc_row css=&#8221;.vc_custom_1513168039935{padding-top: 30px !important;padding-bottom: 30px !important;background-color: #f4f4f4 !important;}&#8221;][vc_column width=&#8221;1\/2&#8243;][vc_empty_space height=&#8221;25px&#8221;][vc_single_image image=&#8221;1920&#8243; img_size=&#8221;full&#8221; alignment=&#8221;center&#8221; style=&#8221;vc_box_border&#8221; border_color=&#8221;green&#8221; onclick=&#8221;link_image&#8221; css_animation=&#8221;none&#8221;][vc_empty_space height=&#8221;20px&#8221;][vc_column_text]<\/p>\n<p style=\"text-align: justify;\">aus <strong>And\u00fajar<\/strong>, <strong>ska-logistik S.L.<\/strong> zeichnet sich seit seiner Gr\u00fcndung vor allem durch seine ungew\u00f6hnlichen L\u00f6sungen aus Ma\u00df an Verantwortung und Professionalit\u00e4t.<\/p>\n<p style=\"text-align: justify;\">Mit diesen Attributen und als Ergebnis seiner Errungenschaften w\u00fcrde <strong>ska-logistik S.L.<\/strong> in nur einem Jahr nach seiner Gr\u00fcndung in Spanien seine erste Logistik er\u00f6ffnen Lager<\/p>\n<p style=\"text-align: justify;\">Geographisch haben wir uns f\u00fcr eine Stadt in Bajo Pened\u00e8s namens <strong>L&#8217;Arbo\u00e7<\/strong> entschieden, die zur Provinz Tarragona geh\u00f6rt.<\/p>\n<p style=\"text-align: justify;\">Vier Jahre sp\u00e4ter, im Jahr 2016, und als direkte Reaktion auf Kundenw\u00fcnsche, wurde ein weiteres Logistiklager integriert.<\/p>\n<p style=\"text-align: justify;\">Dieses Mal entschieden sie sich f\u00fcr die Hauptstadt Spaniens, genauer gesagt <strong>San Fernando de Henares<\/strong> (Madrid).<\/p>\n<p style=\"text-align: justify;\">In nur 5 Jahren seit der Gr\u00fcndung hat <strong>ska-logistik S.L.<\/strong> einen unverkennbaren Qualit\u00e4tssprung vollzogen. Unter allen Kunden, Lieferanten, Mitarbeitern und Management hatten sie es geschafft, sich durchzusetzen.<\/p>\n<p style=\"text-align: justify;\">Was zu seiner Zeit ein Avantgarde-Projekt war, wurde zusammen mit einer Expansionsidee zu einem echten Ereignis.<\/p>\n<p style=\"text-align: justify;\">Deshalb sind wir heute mehr denn je stolz auf unseren Weg.<\/p>\n<p>[\/vc_column_text][\/vc_column][vc_column width=&#8221;1\/2&#8243;][vc_empty_space height=&#8221;25px&#8221;][vc_column_text]<\/p>\n<p style=\"text-align: justify;\"><strong>ska-logistik<\/strong> wurde 1980 in einer Kleinstadt namens Affolterbach geboren.<\/p>\n<p style=\"text-align: justify;\">Die zur Region Wald-Michelbach geh\u00f6rende <strong>ska-logistik<\/strong> war urspr\u00fcnglich ein kleines Familienunternehmen.<\/p>\n<p style=\"text-align: justify;\">Im Laufe der Jahre zog er von Affolterbach nach Mannheim. Schlie\u00dflich landete <strong>ska-logistik<\/strong> an seiner jetzigen Adresse in Weinheim, einer Kleinstadt am Rheinufer.<\/p>\n<p style=\"text-align: justify;\">Mit diesem letzten Schritt w\u00fcrde sich auch das Management von <strong>ska-logistik<\/strong> \u00e4ndern, ein Wechsel, der sie in einigen Jahren zur Internationalisierung f\u00fchren w\u00fcrde.<\/p>\n<p>p&gt;<\/p>\n<p style=\"text-align: justify;\">\u00dcberzeugt von ihrem Anspruch suchte die neue Gesch\u00e4ftsf\u00fchrung einen Partner, um den Sprung in die Internationalit\u00e4t zu wagen und zu expandieren.<\/p>\n<p style=\"text-align: justify;\">Im Jahr 2011 w\u00fcrde dieser Tag kommen, an dem auf ein neues Avantgarde-Projekt gewettet wurde, um <strong>ska-logistik Sociedad Limitada<\/strong> mit Hauptsitz in den USA zu verbinden und zu gr\u00fcnden Stadt <strong>And\u00fajar<\/strong>, Provinz Ja\u00e9n (Spanien).<\/p>\n<p>[\/vc_column_text][vc_empty_space height=&#8221;38px&#8221;][vc_single_image image=&#8221;2124&#8243; img_size=&#8221;full&#8221; alignment=&#8221;center&#8221; style=&#8221;vc_box_border&#8221; border_color=&#8221;green&#8221; onclick=&#8221;link_image&#8221; css_animation=&#8221;none&#8221;][\/vc_column][\/vc_row][vc_row css=&#8221;.vc_custom_1513168039935{padding-top: 30px !important;padding-bottom: 30px !important;background-color: #f4f4f4 !important;}&#8221;][vc_column width=&#8221;1\/2&#8243;][vc_empty_space height=&#8221;25px&#8221;][vc_column_text]<\/p>\n<h3 style=\"text-align: center;\">Danke f\u00fcr den Beitritt zu uns.<\/h3>\n<p>[\/vc_column_text][\/vc_column][vc_column width=&#8221;1\/2&#8243;][\/vc_column][\/vc_row][vc_row][vc_column width=&#8221;1\/2&#8243;][vc_empty_space height=&#8221;65&#8243;][vc_single_image image=&#8221;2126&#8243; img_size=&#8221;full&#8221; alignment=&#8221;center&#8221; style=&#8221;vc_box_border&#8221; border_color=&#8221;green&#8221; onclick=&#8221;link_image&#8221;][vc_empty_space][\/vc_column][vc_column width=&#8221;1\/2&#8243;][vc_empty_space][vc_custom_heading text=&#8221;AKTIVIT\u00c4TEN&#8221; use_theme_fonts=&#8221;yes&#8221;][vc_column_text]<\/p>\n<ul>\n<li style=\"text-align: justify;\">Landverkehr (national und international)\n<ul>\n<li>Spezialisten f\u00fcr das Be- und Entladen von Messen, Kongressen und Events<\/li>\n<li>Transportvermittlungsdienst<\/li>\n<li>Transportorganisation<\/li>\n<li>Hilfstransportdienste<\/li>\n<\/ul>\n<\/li>\n<li style=\"text-align: justify;\">Logistik\n<ul>\n<li>Umfassender Logistikanbieter<\/li>\n<li>Logistikdienste<\/li>\n<li>Zus\u00e4tzlicher Logistikdienst<\/li>\n<\/ul>\n<\/li>\n<li>Andere\n<ul>\n<li style=\"text-align: justify;\">Kommerzieller Support<\/li>\n<li style=\"text-align: justify;\">Beratung f\u00fcr Freiberufler und KMU im Verkehrssektor<\/li>\n<\/ul>\n<\/li>\n<\/ul>\n<p>[\/vc_column_text][vc_empty_space][\/vc_column][\/vc_row][vc_row css=&#8221;.vc_custom_1520265437323{padding-top: 30px !important;padding-bottom: 30px !important;background-color: #007437 !important;}&#8221;][vc_column width=&#8221;1\/2&#8243;][vc_empty_space height=&#8221;75px&#8221;][vc_custom_heading text=&#8221;WIE WIR ARBEITEN&#8221; font_container=&#8221;tag:h2|text_align:left|color:%23ffffff&#8221; use_theme_fonts=&#8221;yes&#8221;][vc_column_text]<\/p>\n<p style=\"text-align: justify; color: #fff;\">Unsere Kommunikation, Seriosit\u00e4t und Professionalit\u00e4t sind unsere S\u00e4ulen.<\/p>\n<p style=\"text-align: justify; color: #fff;\">Ein hochqualifiziertes Team, mehrsprachig (Englisch, Deutsch, Franz\u00f6sisch und Italienisch) und mit umfassender Erfahrung in den Bereichen Logistik, Transport und internationaler Handel, steht Ihnen jederzeit zur Verf\u00fcgung zu Ihrer vollen Verf\u00fcgung.<\/p>\n<p>[\/vc_column_text][vc_empty_space][\/vc_column][vc_column width=&#8221;1\/2&#8243;][vc_empty_space height=&#8221;28px&#8221;][vc_single_image image=&#8221;2128&#8243; img_size=&#8221;full&#8221; alignment=&#8221;center&#8221; style=&#8221;vc_box_border&#8221; border_color=&#8221;green&#8221;][vc_empty_space][\/vc_column][\/vc_row][vc_row css=&#8221;.vc_custom_1520265627646{padding-top: 30px !important;padding-bottom: 30px !important;}&#8221;][vc_column][vc_empty_space][vc_custom_heading text=&#8221;ZERTIFIZIERUNGEN&#8221; use_theme_fonts=&#8221;yes&#8221;][\/vc_column][\/vc_row][vc_row][vc_column width=&#8221;1\/4&#8243;][\/vc_column][vc_column width=&#8221;1\/4&#8243;][swimmingpool_icon_text_left textnoborder_left=&#8221;noborder&#8221; iconsmall_left=&#8221;small&#8221; firstline_left=&#8221;ISO-ZERTIFIKAT&#8221; icon_text_left=&#8221;fa-certificate&#8221; iconcolor_left=&#8221;#007437&#8243;]<a href=\"https:\/\/ska-logistik.es\/wp-content\/uploads\/2018\/09\/certificado-iso_es.pdf\" target=\"_blank\" rel=\"noopener\"><img loading=\"lazy\" decoding=\"async\" class=\"alignnone wp-image-1763 size-full\" style=\"max-width: 100%;\" src=\"https:\/\/ska-logistik.es\/wp-content\/uploads\/2016\/01\/certificado-iso.jpg\" alt=\"\" width=\"300\" height=\"211\" srcset=\"https:\/\/ska-logistik.es\/wp-content\/uploads\/2016\/01\/certificado-iso.jpg 300w, https:\/\/ska-logistik.es\/wp-content\/uploads\/2016\/01\/certificado-iso-200x141.jpg 200w\" sizes=\"auto, (max-width: 300px) 100vw, 300px\" \/><\/a>[\/swimmingpool_icon_text_left][\/vc_column][vc_column width=&#8221;1\/4&#8243;][swimmingpool_icon_text_left textnoborder_left=&#8221;noborder&#8221; iconsmall_left=&#8221;small&#8221; firstline_left=&#8221;GESUNDHEITSREGISTER&#8221; icon_text_left=&#8221;fa-certificate&#8221; iconcolor_left=&#8221;#007437&#8243;]<img loading=\"lazy\" decoding=\"async\" class=\"alignnone wp-image-1764 size-full\" style=\"max-width: 100%;\" src=\"https:\/\/ska-logistik.es\/wp-content\/uploads\/2016\/01\/registro-sanitario.jpg\" alt=\"\" width=\"300\" height=\"211\" srcset=\"https:\/\/ska-logistik.es\/wp-content\/uploads\/2016\/01\/registro-sanitario.jpg 300w, https:\/\/ska-logistik.es\/wp-content\/uploads\/2016\/01\/registro-sanitario-200x141.jpg 200w\" sizes=\"auto, (max-width: 300px) 100vw, 300px\" \/>[\/swimmingpool_icon_text_left][\/vc_column][vc_column width=&#8221;1\/4&#8243;][\/vc_column][\/vc_row]<\/p>\n<\/div>","protected":false},"excerpt":{"rendered":"<p>[vc_row css=&#8221;.vc_custom_1513244376011{background-image: url(https:\/\/ska-logistik.es\/wp-content\/uploads\/2016\/01\/bg-cabecera.jpg?id=1648) !important;}&#8221;][vc_column width=&#8221;3\/4&#8243;][vc_empty_space height=&#8221;45px&#8221;][vc_column_text] \u00dcBER UNS [\/vc_column_text][vc_empty_space height=&#8221;59px&#8221;][\/vc_column][vc_column width=&#8221;1\/4&#8243;][vc_empty_space height=&#8221;35px&#8221;][vc_empty_space height=&#8221;35px&#8221;][vc_button color=&#8221;up_btn-s&#8221; bt_customcolor=&#8221;#ffffff&#8221; bg_customcolor=&#8221;#007836&#8243; align=&#8221;center&#8221; title=&#8221;KONTAKT&#8221; href=&#8221;https:\/\/ska-logistik.es\/de\/kontakt\/&#8221; el_class=&#8221;letra-negrita&#8221; icon=&#8221;fa-envelope&#8221;][vc_empty_space height=&#8221;10px&#8221;][\/vc_column][\/vc_row][vc_row anchor_row=&#8221;nuestra-historia&#8221;][vc_column][vc_empty_space][vc_custom_heading text=&#8221;UNSERE GESCHICHTE&#8221; use_theme_fonts=&#8221;yes&#8221;][vc_empty_space height=&#8221;22px&#8221;][\/vc_column][\/vc_row][vc_row css=&#8221;.vc_custom_1513168039935{padding-top: 30px !important;padding-bottom: 30px !important;background-color: #f4f4f4 !important;}&#8221;][vc_column width=&#8221;1\/2&#8243;][vc_empty_space height=&#8221;25px&#8221;][vc_single_image image=&#8221;1920&#8243; img_size=&#8221;full&#8221; alignment=&#8221;center&#8221; style=&#8221;vc_box_border&#8221; border_color=&#8221;green&#8221; onclick=&#8221;link_image&#8221; css_animation=&#8221;none&#8221;][vc_empty_space height=&#8221;20px&#8221;][vc_column_text] aus And\u00fajar, ska-logistik S.L. zeichnet sich seit seiner Gr\u00fcndung vor allem durch seine ungew\u00f6hnlichen L\u00f6sungen aus Ma\u00df an Verantwortung und Professionalit\u00e4t. Mit diesen Attributen und als Ergebnis seiner Errungenschaften w\u00fcrde ska-logistik S.L. in nur einem Jahr nach seiner Gr\u00fcndung in Spanien seine erste Logistik er\u00f6ffnen Lager Geographisch haben wir uns f\u00fcr eine Stadt in Bajo Pened\u00e8s &hellip; <a href=\"https:\/\/ska-logistik.es\/de\/uber-uns\/\">Continued<\/a><\/p>\n","protected":false},"author":1,"featured_media":0,"parent":0,"menu_order":0,"comment_status":"closed","ping_status":"closed","template":"page-fullwidth.php","meta":{"footnotes":""},"class_list":["post-1872","page","type-page","status-publish","hentry"],"_links":{"self":[{"href":"https:\/\/ska-logistik.es\/de\/wp-json\/wp\/v2\/pages\/1872","targetHints":{"allow":["GET"]}}],"collection":[{"href":"https:\/\/ska-logistik.es\/de\/wp-json\/wp\/v2\/pages"}],"about":[{"href":"https:\/\/ska-logistik.es\/de\/wp-json\/wp\/v2\/types\/page"}],"author":[{"embeddable":true,"href":"https:\/\/ska-logistik.es\/de\/wp-json\/wp\/v2\/users\/1"}],"replies":[{"embeddable":true,"href":"https:\/\/ska-logistik.es\/de\/wp-json\/wp\/v2\/comments?post=1872"}],"version-history":[{"count":51,"href":"https:\/\/ska-logistik.es\/de\/wp-json\/wp\/v2\/pages\/1872\/revisions"}],"predecessor-version":[{"id":2743,"href":"https:\/\/ska-logistik.es\/de\/wp-json\/wp\/v2\/pages\/1872\/revisions\/2743"}],"wp:attachment":[{"href":"https:\/\/ska-logistik.es\/de\/wp-json\/wp\/v2\/media?parent=1872"}],"curies":[{"name":"wp","href":"https:\/\/api.w.org\/{rel}","templated":true}]}}