{"id":1725,"date":"2018-02-07T09:23:23","date_gmt":"2018-02-07T09:23:23","guid":{"rendered":"https:\/\/ska-logistik.es\/?page_id=1725"},"modified":"2021-02-02T11:06:13","modified_gmt":"2021-02-02T10:06:13","slug":"politica-de-cookies","status":"publish","type":"page","link":"https:\/\/ska-logistik.es\/en\/cookies-policy\/","title":{"rendered":"Cookies Policy"},"content":{"rendered":"<div class=\"wpb-content-wrapper\"><p>[vc_row css=&#8221;.vc_custom_1513244376011{background-image: url(https:\/\/ska-logistik.es\/wp-content\/uploads\/2016\/01\/bg-cabecera.jpg?id=1648) !important;}&#8221;][vc_column width=&#8221;3\/4&#8243;][vc_empty_space height=&#8221;45px&#8221;][vc_column_text]<\/p>\n<h2><span style=\"color: #ffffff;\">COOKIES POLICY<\/span><\/h2>\n<p>[\/vc_column_text][vc_empty_space height=&#8221;59px&#8221;][\/vc_column][vc_column width=&#8221;1\/4&#8243;][vc_empty_space height=&#8221;35px&#8221;][vc_empty_space height=&#8221;35px&#8221;][vc_button color=&#8221;up_btn-s&#8221; bt_customcolor=&#8221;#ffffff&#8221; bg_customcolor=&#8221;#007836&#8243; align=&#8221;center&#8221; title=&#8221;CONTACT&#8221; href=&#8221;https:\/\/ska-logistik.es\/en\/contact&#8221; icon=&#8221;fa-envelope&#8221;][vc_empty_space height=&#8221;10px&#8221;][\/vc_column][\/vc_row][vc_row anchor_row=&#8221;nuestra-historia&#8221;][vc_column][vc_empty_space][vc_custom_heading text=&#8221;COOKIES POLICY&#8221; use_theme_fonts=&#8221;yes&#8221;][vc_empty_space][vc_column_text]<\/p>\n<p style=\"text-align: justify;\">El sitio web del prestador puede utilizar cookies (peque\u00f1os archivos de informaci\u00f3n que el servidor env\u00eda al ordenador de quien accede a la p\u00e1gina) para registrar las actividades del usuario durante su tiempo de navegaci\u00f3n y poder llevar a cabo determinadas funciones que son consideradas imprescindibles para el correcto funcionamiento y visualizaci\u00f3n del sitio web. Las cookies utilizadas en el sitio web tienen, en todo caso, car\u00e1cter temporal con la \u00fanica finalidad de hacer m\u00e1s eficaz su transmisi\u00f3n ulterior y desaparecen al terminar la sesi\u00f3n del usuario. En ning\u00fan caso se utilizar\u00e1n las cookies para recoger informaci\u00f3n de car\u00e1cter personal.<br \/>\nMediante el uso de las cookies resulta posible que el servidor donde se encuentra la web, reconozca el navegador web utilizado por el usuario con la finalidad de que la navegaci\u00f3n sea m\u00e1s sencilla, permitiendo, por ejemplo, el acceso a los usuarios que se hayan registrado previamente, acceder a las \u00e1reas o servicios reservados exclusivamente a ellos sin tener que registrarse en cada visita. Se utilizan tambi\u00e9n para medir la audiencia y par\u00e1metros del tr\u00e1fico, controlar el progreso y n\u00famero de entradas.<br \/>\nEl usuario tiene la posibilidad de configurar su navegador para ser avisado de la recepci\u00f3n de cookies y para impedir su instalaci\u00f3n en su equipo. Para ellos se ruega consultar las instrucciones y manuales de su navegador para ampliar esta informaci\u00f3n.<\/p>\n<p>[\/vc_column_text][vc_empty_space][\/vc_column][\/vc_row]<\/p>\n<\/div>","protected":false},"excerpt":{"rendered":"<p>[vc_row css=&#8221;.vc_custom_1513244376011{background-image: url(https:\/\/ska-logistik.es\/wp-content\/uploads\/2016\/01\/bg-cabecera.jpg?id=1648) !important;}&#8221;][vc_column width=&#8221;3\/4&#8243;][vc_empty_space height=&#8221;45px&#8221;][vc_column_text] COOKIES POLICY [\/vc_column_text][vc_empty_space height=&#8221;59px&#8221;][\/vc_column][vc_column width=&#8221;1\/4&#8243;][vc_empty_space height=&#8221;35px&#8221;][vc_empty_space height=&#8221;35px&#8221;][vc_button color=&#8221;up_btn-s&#8221; bt_customcolor=&#8221;#ffffff&#8221; bg_customcolor=&#8221;#007836&#8243; align=&#8221;center&#8221; title=&#8221;CONTACT&#8221; href=&#8221;https:\/\/ska-logistik.es\/en\/contact&#8221; icon=&#8221;fa-envelope&#8221;][vc_empty_space height=&#8221;10px&#8221;][\/vc_column][\/vc_row][vc_row anchor_row=&#8221;nuestra-historia&#8221;][vc_column][vc_empty_space][vc_custom_heading text=&#8221;COOKIES POLICY&#8221; use_theme_fonts=&#8221;yes&#8221;][vc_empty_space][vc_column_text] El sitio web del prestador puede utilizar cookies (peque\u00f1os archivos de informaci\u00f3n que el servidor env\u00eda al ordenador de quien accede a la p\u00e1gina) para registrar las actividades del usuario durante su tiempo de navegaci\u00f3n y poder llevar a cabo determinadas funciones que son consideradas imprescindibles para el correcto funcionamiento y visualizaci\u00f3n del sitio web. Las cookies utilizadas en el sitio web tienen, en todo caso, car\u00e1cter temporal con la \u00fanica finalidad de hacer m\u00e1s &hellip; <a href=\"https:\/\/ska-logistik.es\/en\/cookies-policy\/\">Continued<\/a><\/p>\n","protected":false},"author":1,"featured_media":0,"parent":0,"menu_order":0,"comment_status":"closed","ping_status":"closed","template":"page-fullwidth.php","meta":{"footnotes":""},"class_list":["post-1725","page","type-page","status-publish","hentry"],"_links":{"self":[{"href":"https:\/\/ska-logistik.es\/en\/wp-json\/wp\/v2\/pages\/1725","targetHints":{"allow":["GET"]}}],"collection":[{"href":"https:\/\/ska-logistik.es\/en\/wp-json\/wp\/v2\/pages"}],"about":[{"href":"https:\/\/ska-logistik.es\/en\/wp-json\/wp\/v2\/types\/page"}],"author":[{"embeddable":true,"href":"https:\/\/ska-logistik.es\/en\/wp-json\/wp\/v2\/users\/1"}],"replies":[{"embeddable":true,"href":"https:\/\/ska-logistik.es\/en\/wp-json\/wp\/v2\/comments?post=1725"}],"version-history":[{"count":11,"href":"https:\/\/ska-logistik.es\/en\/wp-json\/wp\/v2\/pages\/1725\/revisions"}],"predecessor-version":[{"id":2535,"href":"https:\/\/ska-logistik.es\/en\/wp-json\/wp\/v2\/pages\/1725\/revisions\/2535"}],"wp:attachment":[{"href":"https:\/\/ska-logistik.es\/en\/wp-json\/wp\/v2\/media?parent=1725"}],"curies":[{"name":"wp","href":"https:\/\/api.w.org\/{rel}","templated":true}]}}