{"id":1850,"date":"2018-03-05T11:56:15","date_gmt":"2018-03-05T11:56:15","guid":{"rendered":"https:\/\/ska-logistik.es\/?page_id=1850"},"modified":"2018-11-13T13:27:44","modified_gmt":"2018-11-13T12:27:44","slug":"aviso-legal","status":"publish","type":"page","link":"https:\/\/ska-logistik.es\/en\/legal-warning\/","title":{"rendered":"Legal Warning"},"content":{"rendered":"<div class=\"wpb-content-wrapper\"><p>[vc_row css=&#8221;.vc_custom_1513244376011{background-image: url(https:\/\/ska-logistik.es\/wp-content\/uploads\/2016\/01\/bg-cabecera.jpg?id=1648) !important;}&#8221;][vc_column width=&#8221;3\/4&#8243;][vc_empty_space height=&#8221;45px&#8221;][vc_column_text]<\/p>\n<h2 style=\"color: #fff;\">LEGAL WARNING<\/h2>\n<p>[\/vc_column_text][vc_empty_space height=&#8221;59px&#8221;][\/vc_column][vc_column width=&#8221;1\/4&#8243;][vc_empty_space height=&#8221;35px&#8221;][vc_empty_space height=&#8221;35px&#8221;][vc_button color=&#8221;up_btn-s&#8221; bt_customcolor=&#8221;#ffffff&#8221; bg_customcolor=&#8221;#007836&#8243; align=&#8221;center&#8221; title=&#8221;CONTACT&#8221; href=&#8221;https:\/\/ska-logistik.es\/en\/contact&#8221; icon=&#8221;fa-envelope&#8221;][vc_empty_space height=&#8221;10px&#8221;][\/vc_column][\/vc_row][vc_row anchor_row=&#8221;nuestra-historia&#8221;][vc_column][vc_empty_space][vc_custom_heading text=&#8221;AVISO LEGAL&#8221; use_theme_fonts=&#8221;yes&#8221;][vc_empty_space][\/vc_column][\/vc_row][vc_row][vc_column][vc_column_text]<\/p>\n<p style=\"text-align: justify;\">Denominaci\u00f3n Social: SKA LOGISTIK S.L. (en adelante SKA)<br \/>\nDomicilio Social: C\/ El Pino n\u00ba 15 (local) And\u00fajar (Ja\u00e9n)<br \/>\nCIF: B 23679392<br \/>\nTel\u00e9fono: +34 953515220<br \/>\ne-Mail: j.rodriguez@ska-logistik.es<br \/>\nNombre de dominio: www.ska-logistik.es<\/p>\n<p style=\"text-align: justify;\"><strong>OBJETO<\/strong><\/p>\n<p style=\"text-align: justify;\">El prestador, responsable del sitio web, pone a disposici\u00f3n de los usuarios el presente documento para dar cumplimiento a las obligaciones dispuestas en la Ley 34\/2002, de Servicios de la Sociedad de la Informaci\u00f3n y del Comercio Electr\u00f3nico (LSSI-CE), as\u00ed como informar a todos los usuarios del sitio web respecto a cu\u00e1les son las condiciones de uso del sitio web.<br \/>\nToda persona que acceda a este sitio web asume el papel de usuario, comprometi\u00e9ndose a la observancia y cumplimiento riguroso de las disposiciones aqu\u00ed dispuestas, as\u00ed como a cualesquiera otra disposici\u00f3n legal que fuera de aplicaci\u00f3n.<br \/>\nEl prestador se reserva el derecho a modificar cualquier tipo de informaci\u00f3n que considere oportunas, pudiendo cambiar, suprimir o a\u00f1adir tanto los contenidos y servicios que se presten a trav\u00e9s del sitio web de la misma como la forma en la que \u00e9stos aparezcan presentados o localizados en el sitio web, sin que exista obligaci\u00f3n de preavisar o poner en conocimiento de los usuarios dichas obligaciones, entendi\u00e9ndose como suficiente con la publicaci\u00f3n en el sitio web del prestador.<br \/>\nCon car\u00e1cter general, para el acceso a los contenidos del sitio web no ser\u00e1 necesario el registro previo del usuario.<br \/>\nEl acceso a la p\u00e1gina web no constituir\u00e1 ning\u00fan tipo de relaci\u00f3n contractual, la informaci\u00f3n proporcionada en la web no constituye ning\u00fan tipo de asesoramiento legal \u00f3 jur\u00eddico, simplemente transmite informaci\u00f3n general relacionada con la prestaci\u00f3n de servicios por parte de SKA..<br \/>\nEste sitio web ha sido revisado y probado para que funcione correctamente. En principio, puede garantizarse el correcto funcionamiento los 365 d\u00edas del a\u00f1o, 24 horas al d\u00eda. No obstante, el prestador no descarta la posibilidad de que existan ciertos errores de programaci\u00f3n, o que acontezcan causas de fuerza mayor, cat\u00e1strofes naturales, huelgas, o circunstancias semejantes que hagan imposible el acceso a la p\u00e1gina web.<\/p>\n<p style=\"text-align: justify;\"><strong>CONTENIDO<\/strong><\/p>\n<p style=\"text-align: justify;\">El sitio web ofrece informaci\u00f3n al usuario de la prestaci\u00f3n de servicios que se puedan prestar por parte de la empresa.<\/p>\n<p style=\"text-align: justify;\"><strong>RESPONSABILIDAD Y NORMAS DE UTILIZACI\u00d3N DEL SITIO WEB<\/strong><\/p>\n<p style=\"text-align: justify;\">El prestador se exime de cualquier tipo de responsabilidad derivada de la informaci\u00f3n publicada en su sitio web, siempre que esta informaci\u00f3n haya sido manipulada o introducida por un tercero ajeno al mismo.<br \/>\nEl usuario se obliga a utilizar el sitio web y todo su contenido y servicios conforme a lo establecido en la ley, la moral, el orden p\u00fablico y en las presentes condiciones generales.<br \/>\nDe acuerdo a la tipolog\u00eda de servicios y totalidad de contenidos ofrecidos al usuario a trav\u00e9s de este sitio web, el acceso al mismo o su uso por cualquier usuario, implica necesariamente, y sin reservas, el conocimiento y aceptaci\u00f3n del presente Aviso Legal. Por tanto, se recomienda que el Usuario las lea de detenidamente cada vez que quiera acceder al sitio web, ya que puede ser modificado sin previo aviso, por lo que la aceptaci\u00f3n por parte del usuario se producir\u00e1 respecto de lo publicado por SKA en el momento mismo en que acceda.<br \/>\nSKA podr\u00e1 interrumpir en cualquier momento el acceso a su sitio web si detecta un uso contrario a la legalidad, la buena fe o a las presentes condiciones generales.<br \/>\nAsimismo el usuario, se obliga y compromete expresamente a hacer un uso adecuado de los contenidos y servicios del sitio web y a no emplearlos para:<br \/>\na) Difundir contenidos, delictivos, violentos, pornogr\u00e1ficos, racistas, xen\u00f3fobo, ofensivos, de apolog\u00eda del terrorismo o, en general, contrarios a la ley o al orden p\u00fablico.<br \/>\nb) Realizar actividades il\u00edcitas o constitutivas de delito, que atenten contra los derechos de terceros y\/o que infrinjan la regulaci\u00f3n sobre propiedad intelectual e industrial, o cualesquiera otras normas del ordenamiento jur\u00eddico aplicable.<br \/>\nc) Introducir en la red virus inform\u00e1ticos o realizar actuaciones susceptibles de alterar, estropear, interrumpir o generar errores o da\u00f1os en los documentos electr\u00f3nicos, datos o sistemas f\u00edsicos y l\u00f3gicos de SKA o de terceras personas; as\u00ed como obstaculizar el acceso de otros usuarios al sitio web y a sus servicios mediante el consumo masivo de los recursos inform\u00e1ticos a trav\u00e9s de los cuales SKA presta sus servicios.<br \/>\nd) Intentar acceder a las cuentas de correo electr\u00f3nico de otros usuarios o a \u00e1reas restringidas del sitio web y, en su caso, extraer informaci\u00f3n.<br \/>\ne) Suplantar la identidad de otro usuario, de las administraciones p\u00fablicas o de un tercero.<br \/>\nf) Reproducir, copiar, distribuir, poner a disposici\u00f3n o de cualquier otra forma comunicar p\u00fablicamente, transformar o modificar los contenidos, a menos que se cuente con la autorizaci\u00f3n del titular de los correspondientes derechos o ello resulte legalmente permitido.<br \/>\ng) Recabar datos con finalidad publicitaria y de remitir publicidad de cualquier clase y comunicaciones con fines de venta u otras de naturaleza comercial sin que medie su previa solicitud o consentimiento.<br \/>\nExclusi\u00f3n de Responsabilidad<br \/>\nEl acceso del usuario al sitio web no implica para SKA la obligaci\u00f3n de controlar la ausencia de virus, gusanos o cualquier otro elemento inform\u00e1tico da\u00f1ino. Corresponde al usuario, en todo caso, la disponibilidad de herramientas adecuadas para la detecci\u00f3n y desinfecci\u00f3n de programas inform\u00e1ticos da\u00f1inos.<br \/>\nSKA no se responsabiliza de los da\u00f1os producidos en el software y equipos inform\u00e1ticos de los usuarios, o de terceros, as\u00ed como, da\u00f1os que traigan causa de fallos desconexiones en las redes de telecomunicaciones que produzcan la suspensi\u00f3n, cancelaci\u00f3n o interrupci\u00f3n del servicio del sitio web durante la prestaci\u00f3n del mismo o con car\u00e1cter previo.<\/p>\n<p style=\"text-align: justify;\"><strong>POL\u00cdTICA DE COOKIES<\/strong><\/p>\n<p style=\"text-align: justify;\">El sitio web del prestador puede utilizar cookies (peque\u00f1os archivos de informaci\u00f3n que el servidor env\u00eda al ordenador de quien accede a la p\u00e1gina) para registrar las actividades del usuario durante su tiempo de navegaci\u00f3n y poder llevar a cabo determinadas funciones que son consideradas imprescindibles para el correcto funcionamiento y visualizaci\u00f3n del sitio web. Llevar a cabo determinadas funciones que son consideradas imprescindibles para el correcto funcionamiento y visualizaci\u00f3n del sitio. Las cookies utilizadas en el sitio web tienen, en todo caso, car\u00e1cter temporal con la \u00fanica finalidad de hacer m\u00e1s eficaz su transmisi\u00f3n ulterior y desaparecen al terminar la sesi\u00f3n del usuario. En ning\u00fan caso se utilizar\u00e1n las cookies para recoger informaci\u00f3n de car\u00e1cter personal.<br \/>\nMediante el uso de las cookies resulta posible que el servidor donde se encuentra la web, reconozca el navegador web utilizado por el usuario con la finalidad de que la navegaci\u00f3n sea m\u00e1s sencilla, permitiendo, por ejemplo, el acceso a los usuarios que se hayan registrado previamente, acceder a las \u00e1reas o servicios reservados exclusivamente a ellos sin tener que registrarse en cada visita. Se utilizan tambi\u00e9n para medir la audiencia y par\u00e1metros del tr\u00e1fico, controlar el progreso y n\u00famero de entradas.<br \/>\nEl usuario tiene la posibilidad de configurar su navegador para ser avisado de la recepci\u00f3n de cookies y para impedir su instalaci\u00f3n en su equipo. Para ellos se ruega consultar las instrucciones y manuales de su navegador para ampliar esta informaci\u00f3n.<\/p>\n<p style=\"text-align: justify;\"><strong>DIRECCIONES IP<\/strong><\/p>\n<p style=\"text-align: justify;\">Una direcci\u00f3n IP es un n\u00famero asignado autom\u00e1ticamente a un ordenador cuando \u00e9sta se conecta a Internet. Toda esta informaci\u00f3n es registrada en un fichero de actividad del servidor que permite el posterior procesamiento de los datos con el fin de obtener mediciones \u00fanicamente estad\u00edsticas que permitan conocer el n\u00famero de impresiones de p\u00e1ginas, el n\u00famero de visitas realizadas a los servicios web, el orden de visitas, el punto de acceso, etc.<br \/>\nLos servidores del sitio web podr\u00edan detectar de manera autom\u00e1tica la direcci\u00f3n IP y el nombre de dominio utilizados por el usuario.<\/p>\n<p style=\"text-align: justify;\"><strong>ENLACES<\/strong><\/p>\n<p style=\"text-align: justify;\">El establecimiento de un hiperenlace no implica en ning\u00fan caso la existencia de relaciones entre SKA y el propietario del sitio web en la que se establezca, ni la aceptaci\u00f3n y aprobaci\u00f3n por parte de SKA de sus contenidos o servicios.<br \/>\nAquellas personas que se propongan establecer un hiperenlace previamente deber\u00e1n solicitar autorizaci\u00f3n por escrito a SKA. En todo caso, el hiperenlace \u00fanicamente permitir\u00e1 el acceso a la home-page o p\u00e1gina de inicio de nuestro sitio web, asimismo deber\u00e1 abstenerse de realizar manifestaciones o indicaciones falsas, inexactas o incorrectas sobre SKA, o incluir contenidos il\u00edcitos, contrarios a las buenas costumbres y al orden p\u00fablico.<br \/>\nSKA no se responsabiliza del uso que cada usuario haga de la informaci\u00f3n puesta a disposici\u00f3n en este sitio web ni de las actuaciones que realice en base a la misma.<br \/>\nSKA no asume responsabilidad alguna por la informaci\u00f3n contenida en p\u00e1ginas web de terceros a las que se pueda acceder por &#8220;links&#8221; o enlaces desde cualquier p\u00e1gina web propiedad de SKA. La presencia de &#8220;links&#8221; o enlaces en las p\u00e1ginas web del SKA tiene finalidad meramente informativa y en ning\u00fan caso supone sugerencia, invitaci\u00f3n o recomendaci\u00f3n sobre los mismos.<\/p>\n<p style=\"text-align: justify;\"><strong>INFORMACI\u00d3N B\u00c1SICA DE DATOS PERSONALES Y ENV\u00cdO DE COMUNICACIONES COMERCIALES<\/strong><\/p>\n<p style=\"text-align: justify;\">El prestador cumple con las directrices de la Ley Org\u00e1nica 15\/1999 de 13 de diciembre de Protecci\u00f3n de Datos de Car\u00e1cter Personal y dem\u00e1s normativa vigente en cada momento, y vela por garantizar un correcto uso y tratamiento de los datos personales del usuario. Para ello, junto a cada formulario de recabo de datos de car\u00e1cter personal, en los servicios que el usuario pueda solicitar al prestador, har\u00e1 saber al usuario de la existencia y aceptaci\u00f3n de las condiciones particulares del tratamiento de sus datos en cada caso, inform\u00e1ndole de la responsabilidad del fichero creado, la direcci\u00f3n del responsable, la posibilidad de ejercer sus derechos de acceso, rectificaci\u00f3n, cancelaci\u00f3n u oposici\u00f3n, la finalidad del tratamiento y las comunicaciones de datos a terceros en su caso. Asimismo, el prestador informa que da cumplimiento a la Ley 34\/2002 de 11 de julio, de Servicios de la Sociedad de la Informaci\u00f3n y el Comercio Electr\u00f3nico y le solicitar\u00e1 su consentimiento al tratamiento de su correo electr\u00f3nico con fines comerciales en cada momento.<br \/>\nEn cumplimiento de lo dispuesto en la Disposici\u00f3n final segunda de la Ley 9\/2014, de 9 de mayo, de Telecomunicaciones que modifica la Ley 34\/2002, de 11 de Julio, de Servicios de la Sociedad de la Informaci\u00f3n y de Comercio Electr\u00f3nico, las comunicaciones comerciales realizadas por v\u00eda electr\u00f3nica deber\u00e1n ser claramente identificables como tales, y la persona f\u00edsica o jur\u00eddica en nombre de la cual se realizan tambi\u00e9n deber\u00e1 ser claramente identificable, sin perjuicio de lo que dispongan las normativas dictadas por las Comunidades Aut\u00f3nomas con competencias exclusivas sobre consumo.<br \/>\nLo dispuesto en el apartado anterior no ser\u00e1 de aplicaci\u00f3n cuando exista una relaci\u00f3n contractual previa, siempre que SKA hubiera obtenido de forma l\u00edcita los datos de contacto del destinatario y los empleara para el env\u00edo de comunicaciones comerciales referentes a productos o servicios de su propia empresa que sean similares a los que inicialmente fueron objeto de contrataci\u00f3n con el cliente.<br \/>\nCuando las comunicaciones hubieran sido remitidas por correo electr\u00f3nico, dicho medio deber\u00e1 consistir necesariamente en la inclusi\u00f3n de una direcci\u00f3n de correo electr\u00f3nico u otra direcci\u00f3n electr\u00f3nica v\u00e1lida donde pueda ejercitarse este derecho, quedando prohibido el env\u00edo de comunicaciones que no incluyan dicha direcci\u00f3n.<br \/>\nEl destinatario podr\u00e1 revocar en cualquier momento el consentimiento prestado a la recepci\u00f3n de comunicaciones comerciales con la simple notificaci\u00f3n de su voluntad al remitente.<br \/>\nEn relaci\u00f3n a comunicaciones electr\u00f3nicas, a los efectos de la Ley 15\/1999, de Proteccion de Datos de Caracter Personal, les informamos que los datos de caracter personal que figuran en la comunicaci\u00f3n est\u00e1n incluidos en un fichero automatizado cuyo responsable es el prestador, SKA ofrece al destinatario la posibilidad de oponerse al tratamiento de sus datos con fines promocionales mediante un procedimiento sencillo y gratuito, tanto en el momento de recogida de los datos como en cada una de las comunicaciones comerciales que le dirija a trav\u00e9s de la direcci\u00f3n de correo electr\u00f3nico info@ska-logistik.es. Si desea ejercitar los derechos de acceso, rectificaci\u00f3n, cancelaci\u00f3n y oposici\u00f3n, dirijanse por escrito o por email a trav\u00e9s de los medios indicados en la pol\u00edtica de privacidad.<\/p>\n<table class=\"tabla-aviso-legal\">\n<tbody>\n<tr>\n<td>Responsable<\/td>\n<td>SKA LOGISTIK S.L., con C.I.F. B 23679392 y domicilio en C\/ El Pino n\u00ba 15 (local) And\u00fajar (Ja\u00e9n)<\/td>\n<\/tr>\n<tr>\n<td>Finalidad<\/td>\n<td>Prestar los servicios ofrecidos a trav\u00e9s de la web o atender otros tipos de relaciones que puedan surgir con SKA LOGISTIK S.L. como consecuencia de las solicitudes, gestiones o tr\u00e1mites que el Usuario realice mediante la web.<\/td>\n<\/tr>\n<tr>\n<td>Legitimaci\u00f3n<\/td>\n<td>Relaci\u00f3n contractual, o pre-contractual.<\/td>\n<\/tr>\n<tr>\n<td>Finalidad adicional<\/td>\n<td>Gesti\u00f3n del env\u00edo de informaci\u00f3n y comunicaciones comerciales a solicitud del usuario.<\/td>\n<\/tr>\n<tr>\n<td>Legitimaci\u00f3n<\/td>\n<td>Consentimiento del interesado.<\/td>\n<\/tr>\n<tr>\n<td>Destinatarios<\/td>\n<td>Fichero interno automatizado de SKA LOGISTIK S.L. para el desarrollo, mantenimiento y control de la relaci\u00f3n contractual que se establezca cuando exista autorizaci\u00f3n legal por el usuario para hacerlo, y terceros necesarios para la prestaci\u00f3n del servicio o por obligaci\u00f3n legal.<\/td>\n<\/tr>\n<tr>\n<td>Derechos<\/td>\n<td>Tiene derecho a acceder, suprimir y rectificar los datos, as\u00ed como a otros derechos, tal y como se explica en la informaci\u00f3n adicional, + info Politica Privacidad.<\/td>\n<\/tr>\n<tr>\n<td>Procedencia<\/td>\n<td>Del propio interesado o representantes legales.<\/td>\n<\/tr>\n<tr>\n<td>Informaci\u00f3n adicional<\/td>\n<td>Puede obtener toda la Informaci\u00f3n adicional y detallada que precise sobre el tratamiento y protecci\u00f3n de sus datos personales y la Pol\u00edtica de privacidad y Pol\u00edtica de cookies en el enlace, +info Politica Privacidad.<\/td>\n<\/tr>\n<\/tbody>\n<\/table>\n<p style=\"text-align: justify;\">Junto a cada formulario de recabo de datos de car\u00e1cter personal, en los servicios que el usuario pueda solicitar al prestador, har\u00e1 saber al usuario de la existencia y aceptaci\u00f3n de las condiciones particulares del tratamiento de sus datos en cada caso, inform\u00e1ndole de la responsabilidad del fichero creado, la direcci\u00f3n del responsable, la posibilidad de ejercer sus derechos de acceso, rectificaci\u00f3n, cancelaci\u00f3n u oposici\u00f3n, la finalidad del tratamiento y las comunicaciones de datos a terceros en su caso. Asimismo, el prestador informa que da cumplimiento a la Ley 34\/2002 de 11 de julio, de Servicios de la Sociedad de la Informaci\u00f3n y el Comercio Electr\u00f3nico y le solicitar\u00e1 su consentimiento al tratamiento de su correo electr\u00f3nico con fines comerciales en cada momento.<\/p>\n<p style=\"text-align: justify;\">En cumplimiento de lo dispuesto en la Disposici\u00f3n final segunda de la Ley 9\/2014, de 9 de mayo, de Telecomunicaciones que modifica la Ley 34\/2002, de 11 de Julio, de Servicios de la Sociedad de la Informaci\u00f3n y de Comercio Electr\u00f3nico, las comunicaciones comerciales realizadas por v\u00eda electr\u00f3nica deber\u00e1n ser claramente identificables como tales, y la persona f\u00edsica o jur\u00eddica en nombre de la cual se realizan tambi\u00e9n deber\u00e1 ser claramente identificable, sin perjuicio de lo que dispongan las normativas dictadas por las Comunidades Aut\u00f3nomas con<br \/>\ncompetencias exclusivas sobre consumo.<\/p>\n<p style=\"text-align: justify;\">Lo dispuesto en el apartado anterior no ser\u00e1 de aplicaci\u00f3n cuando exista una relaci\u00f3n contractual previa, siempre que SKA hubiera obtenido de forma l\u00edcita los datos de contacto del destinatario y los empleara para el env\u00edo de comunicaciones comerciales referentes a productos o servicios de su propia empresa que sean similares a los que inicialmente fueron objeto de contrataci\u00f3n con el cliente.<\/p>\n<p style=\"text-align: justify;\">Cuando las comunicaciones hubieran sido remitidas por correo electr\u00f3nico, dicho medio deber\u00e1 consistir necesariamente en la inclusi\u00f3n de una direcci\u00f3n de correo electr\u00f3nico u otra direcci\u00f3n electr\u00f3nica v\u00e1lida donde pueda ejercitarse este derecho, quedando prohibido el env\u00edo de comunicaciones que no incluyan dicha direcci\u00f3n.<\/p>\n<p style=\"text-align: justify;\">El destinatario podr\u00e1 revocar en cualquier momento el consentimiento prestado a la recepci\u00f3n de comunicaciones comerciales con la simple notificaci\u00f3n de su voluntad al remitente.<\/p>\n<p style=\"text-align: justify;\"><strong>PROPIEDAD INTELECTUAL E INDUSTRIAL<\/strong><\/p>\n<p style=\"text-align: justify;\">El sitio web, incluyendo a t\u00edtulo enunciativo pero no limitativo su programaci\u00f3n, edici\u00f3n, compilaci\u00f3n y dem\u00e1s elementos necesarios para su funcionamiento, los dise\u00f1os, logotipos, texto y\/o gr\u00e1ficos son propiedad del prestador o en su caso dispone de licencia o autorizaci\u00f3n expresa por parte de los autores. Todos los contenidos del sitio web se encuentran debidamente protegidos por la normativa de propiedad intelectual e industrial, as\u00ed como inscritos en los registros p\u00fablicos correspondientes.<br \/>\nIndependientemente de la finalidad para la que fueran destinados, la reproducci\u00f3n total o parcial, uso, explotaci\u00f3n, distribuci\u00f3n y comercializaci\u00f3n, requiere en todo caso de la autorizaci\u00f3n escrita previa por parte del prestador. Cualquier uso no autorizado previamente por parte del prestador ser\u00e1 considerado un incumplimiento grave de los derechos de propiedad intelectual o industrial del autor.<br \/>\nLos dise\u00f1os, logotipos, texto y\/o gr\u00e1ficos ajenos al prestador y que pudieran aparecer en el sitio web, pertenecen a sus respectivos propietarios, siendo ellos mismos responsables de cualquier posible controversia que pudiera suscitarse respecto a los mismos. En todo caso, el prestador cuenta con la autorizaci\u00f3n expresa y previa por parte de los mismos.<br \/>\nEl prestador autoriza expresamente a que terceros puedan redirigir directamente a los contenidos concretos del sitio web, debiendo en todo caso redirigir al sitio web principal del prestador.<br \/>\nEl prestador reconoce a favor de sus titulares los correspondientes derechos de propiedad industrial e intelectual, no implicando su sola menci\u00f3n o aparici\u00f3n en el sitio web la existencia de derechos o responsabilidad alguna del prestador sobre los mismos, como tampoco respaldo, patrocinio o recomendaci\u00f3n por parte del mismo.<br \/>\nPara realizar cualquier tipo de observaci\u00f3n respecto a posibles incumplimientos de los derechos de propiedad intelectual o industrial, as\u00ed como sobre cualquiera de los contenidos del sitio web, puede hacerlo a trav\u00e9s del siguiente correo electr\u00f3nico.<\/p>\n<p style=\"text-align: justify;\"><strong>LEY APLICABLE Y JURISDICCI\u00d3N<\/strong><\/p>\n<p style=\"text-align: justify;\">Para la resoluci\u00f3n de todas las controversias o cuestiones relacionadas con el presente sitio web o de las actividades en \u00e9l desarrolladas, ser\u00e1 de aplicaci\u00f3n la legislaci\u00f3n espa\u00f1ola, a la que se someten expresamente las partes, siendo competentes para la resoluci\u00f3n de todos los conflictos derivados o relacionados con su uso los Juzgados y Tribunales de la provincia del domicilio social del prestador.<\/p>\n<p>[\/vc_column_text][vc_empty_space][\/vc_column][\/vc_row]<\/p>\n<\/div>","protected":false},"excerpt":{"rendered":"<p>[vc_row css=&#8221;.vc_custom_1513244376011{background-image: url(https:\/\/ska-logistik.es\/wp-content\/uploads\/2016\/01\/bg-cabecera.jpg?id=1648) !important;}&#8221;][vc_column width=&#8221;3\/4&#8243;][vc_empty_space height=&#8221;45px&#8221;][vc_column_text] LEGAL WARNING [\/vc_column_text][vc_empty_space height=&#8221;59px&#8221;][\/vc_column][vc_column width=&#8221;1\/4&#8243;][vc_empty_space height=&#8221;35px&#8221;][vc_empty_space height=&#8221;35px&#8221;][vc_button color=&#8221;up_btn-s&#8221; bt_customcolor=&#8221;#ffffff&#8221; bg_customcolor=&#8221;#007836&#8243; align=&#8221;center&#8221; title=&#8221;CONTACT&#8221; href=&#8221;https:\/\/ska-logistik.es\/en\/contact&#8221; icon=&#8221;fa-envelope&#8221;][vc_empty_space height=&#8221;10px&#8221;][\/vc_column][\/vc_row][vc_row anchor_row=&#8221;nuestra-historia&#8221;][vc_column][vc_empty_space][vc_custom_heading text=&#8221;AVISO LEGAL&#8221; use_theme_fonts=&#8221;yes&#8221;][vc_empty_space][\/vc_column][\/vc_row][vc_row][vc_column][vc_column_text] Denominaci\u00f3n Social: SKA LOGISTIK S.L. (en adelante SKA) Domicilio Social: C\/ El Pino n\u00ba 15 (local) And\u00fajar (Ja\u00e9n) CIF: B 23679392 Tel\u00e9fono: +34 953515220 e-Mail: j.rodriguez@ska-logistik.es Nombre de dominio: www.ska-logistik.es OBJETO El prestador, responsable del sitio web, pone a disposici\u00f3n de los usuarios el presente documento para dar cumplimiento a las obligaciones dispuestas en la Ley 34\/2002, de Servicios de la Sociedad de la Informaci\u00f3n y del Comercio Electr\u00f3nico (LSSI-CE), as\u00ed como informar a todos &hellip; <a href=\"https:\/\/ska-logistik.es\/en\/legal-warning\/\">Continued<\/a><\/p>\n","protected":false},"author":1,"featured_media":0,"parent":0,"menu_order":0,"comment_status":"closed","ping_status":"closed","template":"page-fullwidth.php","meta":{"footnotes":""},"class_list":["post-1850","page","type-page","status-publish","hentry"],"_links":{"self":[{"href":"https:\/\/ska-logistik.es\/en\/wp-json\/wp\/v2\/pages\/1850","targetHints":{"allow":["GET"]}}],"collection":[{"href":"https:\/\/ska-logistik.es\/en\/wp-json\/wp\/v2\/pages"}],"about":[{"href":"https:\/\/ska-logistik.es\/en\/wp-json\/wp\/v2\/types\/page"}],"author":[{"embeddable":true,"href":"https:\/\/ska-logistik.es\/en\/wp-json\/wp\/v2\/users\/1"}],"replies":[{"embeddable":true,"href":"https:\/\/ska-logistik.es\/en\/wp-json\/wp\/v2\/comments?post=1850"}],"version-history":[{"count":8,"href":"https:\/\/ska-logistik.es\/en\/wp-json\/wp\/v2\/pages\/1850\/revisions"}],"predecessor-version":[{"id":2250,"href":"https:\/\/ska-logistik.es\/en\/wp-json\/wp\/v2\/pages\/1850\/revisions\/2250"}],"wp:attachment":[{"href":"https:\/\/ska-logistik.es\/en\/wp-json\/wp\/v2\/media?parent=1850"}],"curies":[{"name":"wp","href":"https:\/\/api.w.org\/{rel}","templated":true}]}}