{"id":1895,"date":"2018-03-05T16:12:32","date_gmt":"2018-03-05T16:12:32","guid":{"rendered":"https:\/\/ska-logistik.es\/?page_id=1895"},"modified":"2018-11-21T12:06:47","modified_gmt":"2018-11-21T11:06:47","slug":"quienes-somos-2-2-2","status":"publish","type":"page","link":"https:\/\/ska-logistik.es\/en\/where-we-are\/","title":{"rendered":"Where we are"},"content":{"rendered":"<div class=\"wpb-content-wrapper\"><p>[vc_row css=&#8221;.vc_custom_1513244376011{background-image: url(https:\/\/ska-logistik.es\/wp-content\/uploads\/2016\/01\/bg-cabecera.jpg?id=1648) !important;}&#8221;][vc_column width=&#8221;3\/4&#8243;][vc_empty_space height=&#8221;45px&#8221;][vc_column_text]<\/p>\n<h2><span style=\"color: #ffffff;\">FIND US<\/span><\/h2>\n<p>[\/vc_column_text][vc_empty_space height=&#8221;59px&#8221;][\/vc_column][vc_column width=&#8221;1\/4&#8243;][vc_empty_space height=&#8221;35px&#8221;][vc_empty_space height=&#8221;35px&#8221;][vc_empty_space height=&#8221;10px&#8221;][\/vc_column][\/vc_row][vc_row css=&#8221;.vc_custom_1520266928128{padding-top: 30px !important;padding-bottom: 30px !important;}&#8221;][vc_column][vc_gmaps link=&#8221;#E-8_JTNDaWZyYW1lJTIwc3JjJTNEJTIyaHR0cHMlM0ElMkYlMkZ3d3cuZ29vZ2xlLmNvbSUyRm1hcHMlMkZkJTJGZW1iZWQlM0ZtaWQlM0QxTXp2VXdpTF96MUpZZmx5dG5wVHA4QXVnWHk5WmF5VHQlMjIlMjB3aWR0aCUzRCUyMjEwMCUyNSUyMiUyMGhlaWdodCUzRCUyMjcyMCUyMiUzRSUzQyUyRmlmcmFtZSUzRQ==&#8221;][\/vc_column][\/vc_row][vc_row css=&#8221;.vc_custom_1513245160275{padding-top: 30px !important;padding-bottom: 30px !important;background-color: #f4f4f4 !important;}&#8221;][vc_column width=&#8221;1\/3&#8243;][vc_empty_space][vc_custom_heading text=&#8221;ES &#8211; AND\u00daJAR&#8221; font_container=&#8221;tag:h2|text_align:center|color:%23020202&#8243; use_theme_fonts=&#8221;yes&#8221; link=&#8221;url:https%3A%2F%2Fska-logistik.es%2Finstalaciones-ska-andujar%2F|||&#8221;][vc_column_text]Calle El Pino, N\u00ba 15<\/p>\n<p>23740 &#8211; And\u00fajar (Ja\u00e9n)<\/p>\n<p>Espa\u00f1a (Spain)[\/vc_column_text][vc_empty_space height=&#8221;48px&#8221;][vc_gmaps link=&#8221;#E-8_JTNDaWZyYW1lJTIwc3JjJTNEJTIyaHR0cHMlM0ElMkYlMkZ3d3cuZ29vZ2xlLmNvbSUyRm1hcHMlMkZlbWJlZCUzRnBiJTNEJTIxMW0xOCUyMTFtMTIlMjExbTMlMjExZDEzNjIuNzMxNDI0OTI1NzE3OSUyMTJkLTQuMDUzNzI3MTE0ODMzMTk2JTIxM2QzOC4wNDIzNDc5MzAyMzczOSUyMTJtMyUyMTFmMCUyMTJmMCUyMTNmMCUyMTNtMiUyMTFpMTAyNCUyMTJpNzY4JTIxNGYxMy4xJTIxM20zJTIxMW0yJTIxMXMweGQ2YzM3Yzk0MDI5MzY4MyUyNTNBMHhhMzBhNTkyMDBkNDc1OTRjJTIxMnNza2ElMkJsb2dpc3RpayUyQnMubC4lMjE1ZTElMjEzbTIlMjExc2VzJTIxMnNlcyUyMTR2MTUzODcyODgwNDkzMiUyMiUyMHdpZHRoJTNEJTIyMTAwJTI1JTIyJTIwaGVpZ2h0JTNEJTIyNDAwJTIyJTIwZnJhbWVib3JkZXIlM0QlMjIwJTIyJTIwc3R5bGUlM0QlMjJib3JkZXIlM0EwJTIyJTIwYWxsb3dmdWxsc2NyZWVuJTNFJTNDJTJGaWZyYW1lJTNF&#8221;][vc_empty_space][\/vc_column][vc_column width=&#8221;1\/3&#8243;][vc_empty_space][vc_custom_heading text=&#8221;ES &#8211; MADRID&#8221; font_container=&#8221;tag:h2|text_align:center|color:%23000000&#8243; use_theme_fonts=&#8221;yes&#8221; link=&#8221;url:https%3A%2F%2Fska-logistik.es%2Finstalaciones-ska-madrid%2F|||&#8221;][vc_column_text]Business Park<\/p>\n<p>Calle Fontaneros, N\u00ba6, Nave 2<\/p>\n<p>28830 &#8211; San Fernando de Henares (Madrid)<\/p>\n<p>Espa\u00f1a (Spain)[\/vc_column_text][vc_empty_space height=&#8221;15px&#8221;][vc_gmaps link=&#8221;#E-8_JTNDaWZyYW1lJTIwc3JjJTNEJTIyaHR0cHMlM0ElMkYlMkZ3d3cuZ29vZ2xlLmNvbSUyRm1hcHMlMkZlbWJlZCUzRnBiJTNEJTIxMW0xOCUyMTFtMTIlMjExbTMlMjExZDExMTAuMjI0NTg2NzI0NzM1JTIxMmQtMy41MDIxMTUyNDA1NzI5MzUlMjEzZDQwLjQ0NTEzMDE3MDA2NTA3JTIxMm0zJTIxMWYwJTIxMmYwJTIxM2YwJTIxM20yJTIxMWkxMDI0JTIxMmk3NjglMjE0ZjEzLjElMjEzbTMlMjExbTIlMjExczB4MCUyNTNBMHhhOTc2MTdkY2IzZjkzNjY4JTIxMnNza2ElMkJsb2dpc3RpayUyQnMubC4lMjE1ZTElMjEzbTIlMjExc2VzJTIxMnNlcyUyMTR2MTUzNjI0NzYyMjE3NSUyMiUyMHdpZHRoJTNEJTIyMTAwJTI1JTIyJTIwaGVpZ2h0JTNEJTIyNDAwJTIyJTIwZnJhbWVib3JkZXIlM0QlMjIwJTIyJTIwc3R5bGUlM0QlMjJib3JkZXIlM0EwJTIyJTIwYWxsb3dmdWxsc2NyZWVuJTNFJTNDJTJGaWZyYW1lJTNF&#8221;][vc_empty_space][\/vc_column][vc_column width=&#8221;1\/3&#8243;][vc_empty_space][vc_custom_heading text=&#8221;ES &#8211; TARRAGONA&#8221; font_container=&#8221;tag:h2|text_align:center|color:%23000000&#8243; use_theme_fonts=&#8221;yes&#8221; link=&#8221;url:https%3A%2F%2Fska-logistik.es%2Finstalaciones-ska-barcelona%2F|||&#8221;][vc_column_text]Pol\u00edgono Industrial El Foix<\/p>\n<p>Calle Ferro, N\u00ba18<\/p>\n<p>43720 &#8211; L&#8217;Arbo\u00e7 (Tarragona)<\/p>\n<p>Espa\u00f1a (Spain)[\/vc_column_text][vc_empty_space height=&#8221;15px&#8221;][vc_gmaps link=&#8221;#E-8_JTNDaWZyYW1lJTIwc3JjJTNEJTIyaHR0cHMlM0ElMkYlMkZ3d3cuZ29vZ2xlLmNvbSUyRm1hcHMlMkZlbWJlZCUzRnBiJTNEJTIxMW0xOCUyMTFtMTIlMjExbTMlMjExZDYzNS43MDg3NjA2NjUwMDg2JTIxMmQxLjYyMjEwOTUyOTI1ODMzODUlMjEzZDQxLjI4NTM1MTQwNDE1NTM5JTIxMm0zJTIxMWYwJTIxMmYwJTIxM2YwJTIxM20yJTIxMWkxMDI0JTIxMmk3NjglMjE0ZjEzLjElMjEzbTMlMjExbTIlMjExczB4MCUyNTNBMHhhMzViOGMwMjlmZjU5ZjhlJTIxMnNza2ElMkJsb2dpc3RpayUyQnMubC4lMjE1ZTElMjEzbTIlMjExc2VzJTIxMnNlcyUyMTR2MTUzNjI0NzcwMTIyNiUyMiUyMHdpZHRoJTNEJTIyMTAwJTI1JTIyJTIwaGVpZ2h0JTNEJTIyNDAwJTIyJTIwZnJhbWVib3JkZXIlM0QlMjIwJTIyJTIwc3R5bGUlM0QlMjJib3JkZXIlM0EwJTIyJTIwYWxsb3dmdWxsc2NyZWVuJTNFJTNDJTJGaWZyYW1lJTNF&#8221;][vc_empty_space][\/vc_column][\/vc_row]<\/p>\n<\/div>","protected":false},"excerpt":{"rendered":"<p>[vc_row css=&#8221;.vc_custom_1513244376011{background-image: url(https:\/\/ska-logistik.es\/wp-content\/uploads\/2016\/01\/bg-cabecera.jpg?id=1648) !important;}&#8221;][vc_column width=&#8221;3\/4&#8243;][vc_empty_space height=&#8221;45px&#8221;][vc_column_text] FIND US [\/vc_column_text][vc_empty_space height=&#8221;59px&#8221;][\/vc_column][vc_column width=&#8221;1\/4&#8243;][vc_empty_space height=&#8221;35px&#8221;][vc_empty_space height=&#8221;35px&#8221;][vc_empty_space height=&#8221;10px&#8221;][\/vc_column][\/vc_row][vc_row css=&#8221;.vc_custom_1520266928128{padding-top: 30px !important;padding-bottom: 30px !important;}&#8221;][vc_column][vc_gmaps link=&#8221;#E-8_JTNDaWZyYW1lJTIwc3JjJTNEJTIyaHR0cHMlM0ElMkYlMkZ3d3cuZ29vZ2xlLmNvbSUyRm1hcHMlMkZkJTJGZW1iZWQlM0ZtaWQlM0QxTXp2VXdpTF96MUpZZmx5dG5wVHA4QXVnWHk5WmF5VHQlMjIlMjB3aWR0aCUzRCUyMjEwMCUyNSUyMiUyMGhlaWdodCUzRCUyMjcyMCUyMiUzRSUzQyUyRmlmcmFtZSUzRQ==&#8221;][\/vc_column][\/vc_row][vc_row css=&#8221;.vc_custom_1513245160275{padding-top: 30px !important;padding-bottom: 30px !important;background-color: #f4f4f4 !important;}&#8221;][vc_column width=&#8221;1\/3&#8243;][vc_empty_space][vc_custom_heading text=&#8221;ES &#8211; AND\u00daJAR&#8221; font_container=&#8221;tag:h2|text_align:center|color:%23020202&#8243; use_theme_fonts=&#8221;yes&#8221; link=&#8221;url:https%3A%2F%2Fska-logistik.es%2Finstalaciones-ska-andujar%2F|||&#8221;][vc_column_text]Calle El Pino, N\u00ba 15 23740 &#8211; And\u00fajar (Ja\u00e9n) Espa\u00f1a (Spain)[\/vc_column_text][vc_empty_space height=&#8221;48px&#8221;][vc_gmaps link=&#8221;#E-8_JTNDaWZyYW1lJTIwc3JjJTNEJTIyaHR0cHMlM0ElMkYlMkZ3d3cuZ29vZ2xlLmNvbSUyRm1hcHMlMkZlbWJlZCUzRnBiJTNEJTIxMW0xOCUyMTFtMTIlMjExbTMlMjExZDEzNjIuNzMxNDI0OTI1NzE3OSUyMTJkLTQuMDUzNzI3MTE0ODMzMTk2JTIxM2QzOC4wNDIzNDc5MzAyMzczOSUyMTJtMyUyMTFmMCUyMTJmMCUyMTNmMCUyMTNtMiUyMTFpMTAyNCUyMTJpNzY4JTIxNGYxMy4xJTIxM20zJTIxMW0yJTIxMXMweGQ2YzM3Yzk0MDI5MzY4MyUyNTNBMHhhMzBhNTkyMDBkNDc1OTRjJTIxMnNza2ElMkJsb2dpc3RpayUyQnMubC4lMjE1ZTElMjEzbTIlMjExc2VzJTIxMnNlcyUyMTR2MTUzODcyODgwNDkzMiUyMiUyMHdpZHRoJTNEJTIyMTAwJTI1JTIyJTIwaGVpZ2h0JTNEJTIyNDAwJTIyJTIwZnJhbWVib3JkZXIlM0QlMjIwJTIyJTIwc3R5bGUlM0QlMjJib3JkZXIlM0EwJTIyJTIwYWxsb3dmdWxsc2NyZWVuJTNFJTNDJTJGaWZyYW1lJTNF&#8221;][vc_empty_space][\/vc_column][vc_column width=&#8221;1\/3&#8243;][vc_empty_space][vc_custom_heading text=&#8221;ES &#8211; MADRID&#8221; font_container=&#8221;tag:h2|text_align:center|color:%23000000&#8243; use_theme_fonts=&#8221;yes&#8221; link=&#8221;url:https%3A%2F%2Fska-logistik.es%2Finstalaciones-ska-madrid%2F|||&#8221;][vc_column_text]Business Park Calle Fontaneros, N\u00ba6, Nave 2 28830 &#8211; San Fernando de Henares (Madrid) Espa\u00f1a (Spain)[\/vc_column_text][vc_empty_space height=&#8221;15px&#8221;][vc_gmaps link=&#8221;#E-8_JTNDaWZyYW1lJTIwc3JjJTNEJTIyaHR0cHMlM0ElMkYlMkZ3d3cuZ29vZ2xlLmNvbSUyRm1hcHMlMkZlbWJlZCUzRnBiJTNEJTIxMW0xOCUyMTFtMTIlMjExbTMlMjExZDExMTAuMjI0NTg2NzI0NzM1JTIxMmQtMy41MDIxMTUyNDA1NzI5MzUlMjEzZDQwLjQ0NTEzMDE3MDA2NTA3JTIxMm0zJTIxMWYwJTIxMmYwJTIxM2YwJTIxM20yJTIxMWkxMDI0JTIxMmk3NjglMjE0ZjEzLjElMjEzbTMlMjExbTIlMjExczB4MCUyNTNBMHhhOTc2MTdkY2IzZjkzNjY4JTIxMnNza2ElMkJsb2dpc3RpayUyQnMubC4lMjE1ZTElMjEzbTIlMjExc2VzJTIxMnNlcyUyMTR2MTUzNjI0NzYyMjE3NSUyMiUyMHdpZHRoJTNEJTIyMTAwJTI1JTIyJTIwaGVpZ2h0JTNEJTIyNDAwJTIyJTIwZnJhbWVib3JkZXIlM0QlMjIwJTIyJTIwc3R5bGUlM0QlMjJib3JkZXIlM0EwJTIyJTIwYWxsb3dmdWxsc2NyZWVuJTNFJTNDJTJGaWZyYW1lJTNF&#8221;][vc_empty_space][\/vc_column][vc_column width=&#8221;1\/3&#8243;][vc_empty_space][vc_custom_heading text=&#8221;ES &#8211; TARRAGONA&#8221; font_container=&#8221;tag:h2|text_align:center|color:%23000000&#8243; use_theme_fonts=&#8221;yes&#8221; link=&#8221;url:https%3A%2F%2Fska-logistik.es%2Finstalaciones-ska-barcelona%2F|||&#8221;][vc_column_text]Pol\u00edgono Industrial El Foix Calle Ferro, N\u00ba18 43720 &#8211; L&#8217;Arbo\u00e7 (Tarragona) Espa\u00f1a (Spain)[\/vc_column_text][vc_empty_space height=&#8221;15px&#8221;][vc_gmaps link=&#8221;#E-8_JTNDaWZyYW1lJTIwc3JjJTNEJTIyaHR0cHMlM0ElMkYlMkZ3d3cuZ29vZ2xlLmNvbSUyRm1hcHMlMkZlbWJlZCUzRnBiJTNEJTIxMW0xOCUyMTFtMTIlMjExbTMlMjExZDYzNS43MDg3NjA2NjUwMDg2JTIxMmQxLjYyMjEwOTUyOTI1ODMzODUlMjEzZDQxLjI4NTM1MTQwNDE1NTM5JTIxMm0zJTIxMWYwJTIxMmYwJTIxM2YwJTIxM20yJTIxMWkxMDI0JTIxMmk3NjglMjE0ZjEzLjElMjEzbTMlMjExbTIlMjExczB4MCUyNTNBMHhhMzViOGMwMjlmZjU5ZjhlJTIxMnNza2ElMkJsb2dpc3RpayUyQnMubC4lMjE1ZTElMjEzbTIlMjExc2VzJTIxMnNlcyUyMTR2MTUzNjI0NzcwMTIyNiUyMiUyMHdpZHRoJTNEJTIyMTAwJTI1JTIyJTIwaGVpZ2h0JTNEJTIyNDAwJTIyJTIwZnJhbWVib3JkZXIlM0QlMjIwJTIyJTIwc3R5bGUlM0QlMjJib3JkZXIlM0EwJTIyJTIwYWxsb3dmdWxsc2NyZWVuJTNFJTNDJTJGaWZyYW1lJTNF&#8221;][vc_empty_space][\/vc_column][\/vc_row]<\/p>\n","protected":false},"author":1,"featured_media":0,"parent":0,"menu_order":0,"comment_status":"closed","ping_status":"closed","template":"page-fullwidth.php","meta":{"footnotes":""},"class_list":["post-1895","page","type-page","status-publish","hentry"],"_links":{"self":[{"href":"https:\/\/ska-logistik.es\/en\/wp-json\/wp\/v2\/pages\/1895","targetHints":{"allow":["GET"]}}],"collection":[{"href":"https:\/\/ska-logistik.es\/en\/wp-json\/wp\/v2\/pages"}],"about":[{"href":"https:\/\/ska-logistik.es\/en\/wp-json\/wp\/v2\/types\/page"}],"author":[{"embeddable":true,"href":"https:\/\/ska-logistik.es\/en\/wp-json\/wp\/v2\/users\/1"}],"replies":[{"embeddable":true,"href":"https:\/\/ska-logistik.es\/en\/wp-json\/wp\/v2\/comments?post=1895"}],"version-history":[{"count":15,"href":"https:\/\/ska-logistik.es\/en\/wp-json\/wp\/v2\/pages\/1895\/revisions"}],"predecessor-version":[{"id":2267,"href":"https:\/\/ska-logistik.es\/en\/wp-json\/wp\/v2\/pages\/1895\/revisions\/2267"}],"wp:attachment":[{"href":"https:\/\/ska-logistik.es\/en\/wp-json\/wp\/v2\/media?parent=1895"}],"curies":[{"name":"wp","href":"https:\/\/api.w.org\/{rel}","templated":true}]}}