{"id":26,"date":"2016-01-20T13:06:47","date_gmt":"2016-01-20T13:06:47","guid":{"rendered":"http:\/\/sp.useful-pixels.com\/?page_id=26"},"modified":"2018-11-21T12:50:15","modified_gmt":"2018-11-21T11:50:15","slug":"find-us","status":"publish","type":"page","link":"https:\/\/ska-logistik.es\/en\/contact\/","title":{"rendered":"Contact"},"content":{"rendered":"<div class=\"wpb-content-wrapper\"><p>[vc_row row_type=&#8221;full&#8221;][vc_column][vc_gmaps link=&#8221;#E-8_JTNDaWZyYW1lJTIwc3JjJTNEJTIyaHR0cHMlM0ElMkYlMkZ3d3cuZ29vZ2xlLmNvbSUyRm1hcHMlMkZlbWJlZCUzRnBiJTNEJTIxMW0xOCUyMTFtMTIlMjExbTMlMjExZDMxNDIuMjAxNzkxMDI2Nzg3OCUyMTJkLTQuMDU1MjI4Njg0MzgyODEzJTIxM2QzOC4wNDIzODQyMDQ0ODk3ODUlMjEybTMlMjExZjAlMjEyZjAlMjEzZjAlMjEzbTIlMjExaTEwMjQlMjEyaTc2OCUyMTRmMTMuMSUyMTNtMyUyMTFtMiUyMTFzMHhkNmMzN2M5NDA3MTVlYTUlMjUzQTB4ODQ0ZGI2MjhiMWRmNDA4NiUyMTJzQ2FsbGUlMkJlbCUyQlBpbm8lMjUyQyUyQjE1JTI1MkMlMkIyMzc0MCUyQkFuZCUyNUMzJTI1QkFqYXIlMjUyQyUyQkphJTI1QzMlMjVBOW4lMjE1ZTAlMjEzbTIlMjExc2VzJTIxMnNlcyUyMTR2MTUxMzE4NDQ1NjYyOSUyMiUyMHdpZHRoJTNEJTIyMTAwJTI1JTIyJTIwaGVpZ2h0JTNEJTIyNDUwJTIyJTIwZnJhbWVib3JkZXIlM0QlMjIwJTIyJTIwc3R5bGUlM0QlMjJib3JkZXIlM0EwJTIyJTIwYWxsb3dmdWxsc2NyZWVuJTNFJTNDJTJGaWZyYW1lJTNF&#8221;][\/vc_column][\/vc_row][vc_row css=&#8221;.vc_custom_1462281687937{padding-bottom: 7px !important;}&#8221;][vc_column width=&#8221;8\/12&#8243;][vc_custom_heading text=&#8221;REQUEST FOR QUOTATION&#8221; use_theme_fonts=&#8221;yes&#8221;][\/vc_column][vc_column width=&#8221;4\/12&#8243;][vc_custom_heading text=&#8221;INFORMATION&#8221; use_theme_fonts=&#8221;yes&#8221;][\/vc_column][\/vc_row][vc_row css=&#8221;.vc_custom_1458640783057{padding-top: 15px !important;background-color: #f2f2f2 !important;}&#8221;][vc_column width=&#8221;8\/12&#8243;]\n<div class=\"wpcf7 no-js\" id=\"wpcf7-f2243-o1\" lang=\"es-ES\" dir=\"ltr\" data-wpcf7-id=\"2243\">\n<div class=\"screen-reader-response\"><p role=\"status\" aria-live=\"polite\" aria-atomic=\"true\"><\/p> <ul><\/ul><\/div>\n<form action=\"\/en\/wp-json\/wp\/v2\/pages\/26#wpcf7-f2243-o1\" method=\"post\" class=\"wpcf7-form init\" aria-label=\"Formulario de contacto\" novalidate=\"novalidate\" data-status=\"init\">\n<fieldset class=\"hidden-fields-container\"><input type=\"hidden\" name=\"_wpcf7\" value=\"2243\" \/><input type=\"hidden\" name=\"_wpcf7_version\" value=\"6.1.4\" \/><input type=\"hidden\" name=\"_wpcf7_locale\" value=\"es_ES\" \/><input type=\"hidden\" name=\"_wpcf7_unit_tag\" value=\"wpcf7-f2243-o1\" \/><input type=\"hidden\" name=\"_wpcf7_container_post\" value=\"0\" \/><input type=\"hidden\" name=\"_wpcf7_posted_data_hash\" value=\"\" \/><input type=\"hidden\" name=\"_wpcf7_recaptcha_response\" value=\"\" \/>\n<\/fieldset>\n<div class=\"display-flex\">\n\t<p><label><br \/>\nName (required)<br \/>\n<span class=\"wpcf7-form-control-wrap\" data-name=\"your-name\"><input size=\"40\" maxlength=\"400\" class=\"wpcf7-form-control wpcf7-text wpcf7-validates-as-required\" aria-required=\"true\" aria-invalid=\"false\" value=\"\" type=\"text\" name=\"your-name\" \/><\/span><br \/>\n<\/label><br \/>\n<label><br \/>\nYour e-mail (required)<br \/>\n<span class=\"wpcf7-form-control-wrap\" data-name=\"your-email\"><input size=\"40\" maxlength=\"400\" class=\"wpcf7-form-control wpcf7-email wpcf7-validates-as-required wpcf7-text wpcf7-validates-as-email\" aria-required=\"true\" aria-invalid=\"false\" value=\"\" type=\"email\" name=\"your-email\" \/><\/span><br \/>\n<\/label>\n\t<\/p>\n<\/div>\n<div>\n\t<p><label><br \/>\nKind of service (required)<br \/>\n<span class=\"wpcf7-form-control-wrap\" data-name=\"your-select\"><select class=\"wpcf7-form-control wpcf7-select wpcf7-validates-as-required\" aria-required=\"true\" aria-invalid=\"false\" name=\"your-select\"><option value=\"\">&#8212;Por favor, elige una opci\u00f3n&#8212;<\/option><option value=\"International Transport\">International Transport<\/option><option value=\"Domestic Transport\">Domestic Transport<\/option><option value=\"Full load\">Full load<\/option><option value=\"Part load\">Part load<\/option><option value=\"Logistic\">Logistic<\/option><option value=\"Other\">Other<\/option><\/select><\/span><br \/>\n<\/label>\n\t<\/p>\n<\/div>\n<div>\n\t<p><label><br \/>\nMessage<br \/>\n<span class=\"wpcf7-form-control-wrap\" data-name=\"your-message\"><textarea cols=\"40\" rows=\"10\" maxlength=\"2000\" class=\"wpcf7-form-control wpcf7-textarea\" aria-invalid=\"false\" name=\"your-message\"><\/textarea><\/span><br \/>\n<\/label>\n\t<\/p>\n<\/div>\n<div class=\"form-aceptar-rgpd\">\n\t<p><span class=\"wpcf7-form-control-wrap\" data-name=\"aceptar-rgpd\"><span class=\"wpcf7-form-control wpcf7-acceptance\"><span class=\"wpcf7-list-item\"><label><input type=\"checkbox\" name=\"aceptar-rgpd\" value=\"1\" aria-invalid=\"false\" \/><span class=\"wpcf7-list-item-label\">I have read and accept the <a href=\"https:\/\/ska-logistik.es\/politica-de-privacidad\/\" target=\"_blank\">Privacy Policy<\/a><\/span><\/label><\/span><\/span><\/span>\n\t<\/p>\n<\/div>\n<div>\n\t<p><label class=\"notice\">This site is protected by reCAPTCHA and the <a href=\"https:\/\/policies.google.com\/privacy\" target=\"_blank\"> Privacy Policy <\/a> and <a href=\"https:\/\/policies.google.com\/terms\" target=\"_blank\">Google Terms of Service <\/a>. <\/label>\n\t<\/p>\n<\/div>\n<div>\n\t<p><input class=\"wpcf7-form-control wpcf7-submit has-spinner\" type=\"submit\" value=\"Send\" \/>\n\t<\/p>\n<\/div><p style=\"display: none !important;\" class=\"akismet-fields-container\" data-prefix=\"_wpcf7_ak_\"><label>&#916;<textarea name=\"_wpcf7_ak_hp_textarea\" cols=\"45\" rows=\"8\" maxlength=\"100\"><\/textarea><\/label><input type=\"hidden\" id=\"ak_js_1\" name=\"_wpcf7_ak_js\" value=\"231\"\/><script>document.getElementById( \"ak_js_1\" ).setAttribute( \"value\", ( new Date() ).getTime() );<\/script><\/p><div class=\"wpcf7-response-output\" aria-hidden=\"true\"><\/div>\n<\/form>\n<\/div>\n[vc_empty_space height=&#8221;40px&#8221;][\/vc_column][vc_column width=&#8221;4\/12&#8243;][vc_empty_space height=&#8221;14px&#8221;][swimmingpool_icon_text_left textnoborder_left=&#8221;noborder&#8221; iconsmall_left=&#8221;small&#8221; firstline_left=&#8221;E-MAIL&#8221; icon_text_left=&#8221;fa-envelope-o &#8221; iconcolor_left=&#8221;#007437&#8243;]contacto@ska-logistik.es[\/swimmingpool_icon_text_left][vc_empty_space height=&#8221;10px&#8221;][swimmingpool_icon_text_left textnoborder_left=&#8221;noborder&#8221; iconsmall_left=&#8221;small&#8221; firstline_left=&#8221;ADDRESS&#8221; icon_text_left=&#8221;fa-location-arrow&#8221; iconcolor_left=&#8221;#007437&#8243;]C\/ El Pino, N\u00ba15<\/p>\n<p>23740 &#8211; And\u00fajar (Ja\u00e9n)<\/p>\n<p>ESPA\u00d1A (SPAIN)[\/swimmingpool_icon_text_left][vc_empty_space height=&#8221;10px&#8221;][swimmingpool_icon_text_left textnoborder_left=&#8221;noborder&#8221; iconsmall_left=&#8221;small&#8221; firstline_left=&#8221;PHONE&#8221; icon_text_left=&#8221;fa-phone&#8221; iconcolor_left=&#8221;#007437&#8243;](+34) 953 51 52 20[\/swimmingpool_icon_text_left][vc_empty_space height=&#8221;10px&#8221;][swimmingpool_icon_text_left textnoborder_left=&#8221;noborder&#8221; iconsmall_left=&#8221;small&#8221; firstline_left=&#8221;FAX&#8221; icon_text_left=&#8221;fa-fax&#8221; iconcolor_left=&#8221;#007437&#8243;](+34) 953 52 52 62[\/swimmingpool_icon_text_left][vc_empty_space height=&#8221;10px&#8221;][\/vc_column][\/vc_row]<\/p>\n<\/div>","protected":false},"excerpt":{"rendered":"<p>[vc_row row_type=&#8221;full&#8221;][vc_column][vc_gmaps link=&#8221;#E-8_JTNDaWZyYW1lJTIwc3JjJTNEJTIyaHR0cHMlM0ElMkYlMkZ3d3cuZ29vZ2xlLmNvbSUyRm1hcHMlMkZlbWJlZCUzRnBiJTNEJTIxMW0xOCUyMTFtMTIlMjExbTMlMjExZDMxNDIuMjAxNzkxMDI2Nzg3OCUyMTJkLTQuMDU1MjI4Njg0MzgyODEzJTIxM2QzOC4wNDIzODQyMDQ0ODk3ODUlMjEybTMlMjExZjAlMjEyZjAlMjEzZjAlMjEzbTIlMjExaTEwMjQlMjEyaTc2OCUyMTRmMTMuMSUyMTNtMyUyMTFtMiUyMTFzMHhkNmMzN2M5NDA3MTVlYTUlMjUzQTB4ODQ0ZGI2MjhiMWRmNDA4NiUyMTJzQ2FsbGUlMkJlbCUyQlBpbm8lMjUyQyUyQjE1JTI1MkMlMkIyMzc0MCUyQkFuZCUyNUMzJTI1QkFqYXIlMjUyQyUyQkphJTI1QzMlMjVBOW4lMjE1ZTAlMjEzbTIlMjExc2VzJTIxMnNlcyUyMTR2MTUxMzE4NDQ1NjYyOSUyMiUyMHdpZHRoJTNEJTIyMTAwJTI1JTIyJTIwaGVpZ2h0JTNEJTIyNDUwJTIyJTIwZnJhbWVib3JkZXIlM0QlMjIwJTIyJTIwc3R5bGUlM0QlMjJib3JkZXIlM0EwJTIyJTIwYWxsb3dmdWxsc2NyZWVuJTNFJTNDJTJGaWZyYW1lJTNF&#8221;][\/vc_column][\/vc_row][vc_row css=&#8221;.vc_custom_1462281687937{padding-bottom: 7px !important;}&#8221;][vc_column width=&#8221;8\/12&#8243;][vc_custom_heading text=&#8221;REQUEST FOR QUOTATION&#8221; use_theme_fonts=&#8221;yes&#8221;][\/vc_column][vc_column width=&#8221;4\/12&#8243;][vc_custom_heading text=&#8221;INFORMATION&#8221; use_theme_fonts=&#8221;yes&#8221;][\/vc_column][\/vc_row][vc_row css=&#8221;.vc_custom_1458640783057{padding-top: 15px !important;background-color: #f2f2f2 !important;}&#8221;][vc_column width=&#8221;8\/12&#8243;][vc_empty_space height=&#8221;40px&#8221;][\/vc_column][vc_column width=&#8221;4\/12&#8243;][vc_empty_space height=&#8221;14px&#8221;][swimmingpool_icon_text_left textnoborder_left=&#8221;noborder&#8221; iconsmall_left=&#8221;small&#8221; firstline_left=&#8221;E-MAIL&#8221; icon_text_left=&#8221;fa-envelope-o &#8221; iconcolor_left=&#8221;#007437&#8243;]contacto@ska-logistik.es[\/swimmingpool_icon_text_left][vc_empty_space height=&#8221;10px&#8221;][swimmingpool_icon_text_left textnoborder_left=&#8221;noborder&#8221; iconsmall_left=&#8221;small&#8221; firstline_left=&#8221;ADDRESS&#8221; icon_text_left=&#8221;fa-location-arrow&#8221; iconcolor_left=&#8221;#007437&#8243;]C\/ El Pino, N\u00ba15 23740 &#8211; And\u00fajar (Ja\u00e9n) ESPA\u00d1A (SPAIN)[\/swimmingpool_icon_text_left][vc_empty_space height=&#8221;10px&#8221;][swimmingpool_icon_text_left textnoborder_left=&#8221;noborder&#8221; iconsmall_left=&#8221;small&#8221; firstline_left=&#8221;PHONE&#8221; icon_text_left=&#8221;fa-phone&#8221; iconcolor_left=&#8221;#007437&#8243;](+34) 953 51 52 20[\/swimmingpool_icon_text_left][vc_empty_space height=&#8221;10px&#8221;][swimmingpool_icon_text_left textnoborder_left=&#8221;noborder&#8221; iconsmall_left=&#8221;small&#8221; firstline_left=&#8221;FAX&#8221; icon_text_left=&#8221;fa-fax&#8221; iconcolor_left=&#8221;#007437&#8243;](+34) 953 52 52 62[\/swimmingpool_icon_text_left][vc_empty_space height=&#8221;10px&#8221;][\/vc_column][\/vc_row]<\/p>\n","protected":false},"author":1,"featured_media":0,"parent":0,"menu_order":0,"comment_status":"closed","ping_status":"closed","template":"page-fullwidth.php","meta":{"footnotes":""},"class_list":["post-26","page","type-page","status-publish","hentry"],"_links":{"self":[{"href":"https:\/\/ska-logistik.es\/en\/wp-json\/wp\/v2\/pages\/26","targetHints":{"allow":["GET"]}}],"collection":[{"href":"https:\/\/ska-logistik.es\/en\/wp-json\/wp\/v2\/pages"}],"about":[{"href":"https:\/\/ska-logistik.es\/en\/wp-json\/wp\/v2\/types\/page"}],"author":[{"embeddable":true,"href":"https:\/\/ska-logistik.es\/en\/wp-json\/wp\/v2\/users\/1"}],"replies":[{"embeddable":true,"href":"https:\/\/ska-logistik.es\/en\/wp-json\/wp\/v2\/comments?post=26"}],"version-history":[{"count":24,"href":"https:\/\/ska-logistik.es\/en\/wp-json\/wp\/v2\/pages\/26\/revisions"}],"predecessor-version":[{"id":2278,"href":"https:\/\/ska-logistik.es\/en\/wp-json\/wp\/v2\/pages\/26\/revisions\/2278"}],"wp:attachment":[{"href":"https:\/\/ska-logistik.es\/en\/wp-json\/wp\/v2\/media?parent=26"}],"curies":[{"name":"wp","href":"https:\/\/api.w.org\/{rel}","templated":true}]}}